{"id":1088,"date":"2022-06-14T03:00:37","date_gmt":"2022-06-14T03:00:37","guid":{"rendered":"https:\/\/semitministries.com\/?page_id=1088"},"modified":"2022-07-05T03:16:40","modified_gmt":"2022-07-05T03:16:40","slug":"secuencias-radio","status":"publish","type":"page","link":"https:\/\/ministeriossemit.com\/?page_id=1088","title":{"rendered":"Secuencias para Radio"},"content":{"rendered":"\t\t<div data-elementor-type=\"wp-page\" data-elementor-id=\"1088\" class=\"elementor elementor-1088\">\n\t\t\t\t\t\t<section class=\"elementor-section elementor-top-section elementor-element elementor-element-27706a13 elementor-section-boxed elementor-section-height-default elementor-section-height-default wpr-particle-no wpr-jarallax-no wpr-parallax-no wpr-sticky-section-no wpr-equal-height-no\" data-id=\"27706a13\" data-element_type=\"section\" data-e-type=\"section\">\n\t\t\t\t\t\t<div class=\"elementor-container elementor-column-gap-default\">\n\t\t\t\t\t<div class=\"elementor-column elementor-col-50 elementor-top-column elementor-element elementor-element-31a4b428\" data-id=\"31a4b428\" data-element_type=\"column\" data-e-type=\"column\">\n\t\t\t<div class=\"elementor-widget-wrap elementor-element-populated\">\n\t\t\t\t\t\t<div class=\"elementor-element elementor-element-4b8976d2 elementor-widget elementor-widget-heading\" data-id=\"4b8976d2\" data-element_type=\"widget\" data-e-type=\"widget\" data-widget_type=\"heading.default\">\n\t\t\t\t<div class=\"elementor-widget-container\">\n\t\t\t\t\t<h2 class=\"elementor-heading-title elementor-size-default\">Secuencias radiales<\/h2>\t\t\t\t<\/div>\n\t\t\t\t<\/div>\n\t\t\t\t<div class=\"elementor-element elementor-element-323e42fc elementor-widget elementor-widget-text-editor\" data-id=\"323e42fc\" data-element_type=\"widget\" data-e-type=\"widget\" data-widget_type=\"text-editor.default\">\n\t\t\t\t<div class=\"elementor-widget-container\">\n\t\t\t\t\t\t\t\t\t<p>Las secuencias est\u00e1n dise\u00f1adas para brindar informaci\u00f3n, an\u00e1lisis y reflexi\u00f3n b\u00edblica, desde distintos \u00e1ngulos y puntos de vista.\u00a0<\/p><p>Las secuencias son utilizadas semanalmente en nuestras transmisiones radiales y a trav\u00e9s de las redes.<\/p><p>\u00a0<\/p>\t\t\t\t\t\t\t\t<\/div>\n\t\t\t\t<\/div>\n\t\t\t\t\t<\/div>\n\t\t<\/div>\n\t\t\t\t<div class=\"elementor-column elementor-col-50 elementor-top-column elementor-element elementor-element-2d06b163\" data-id=\"2d06b163\" data-element_type=\"column\" data-e-type=\"column\">\n\t\t\t<div class=\"elementor-widget-wrap elementor-element-populated\">\n\t\t\t\t\t\t<div class=\"elementor-element elementor-element-2323964 elementor-widget elementor-widget-image\" data-id=\"2323964\" data-element_type=\"widget\" data-e-type=\"widget\" data-widget_type=\"image.default\">\n\t\t\t\t<div class=\"elementor-widget-container\">\n\t\t\t\t\t\t\t\t\t\t\t\t\t\t\t<img fetchpriority=\"high\" decoding=\"async\" width=\"511\" height=\"386\" src=\"https:\/\/ministeriossemit.com\/wp-content\/uploads\/2022\/07\/afiche-radio-2-copia-copia.jpg\" class=\"attachment-large size-large wp-image-1126\" alt=\"\" srcset=\"https:\/\/ministeriossemit.com\/wp-content\/uploads\/2022\/07\/afiche-radio-2-copia-copia.jpg 511w, https:\/\/ministeriossemit.com\/wp-content\/uploads\/2022\/07\/afiche-radio-2-copia-copia-300x227.jpg 300w\" sizes=\"100vw\" \/>\t\t\t\t\t\t\t\t\t\t\t\t\t\t\t<\/div>\n\t\t\t\t<\/div>\n\t\t\t\t\t<\/div>\n\t\t<\/div>\n\t\t\t\t\t<\/div>\n\t\t<\/section>\n\t\t\t\t<section class=\"elementor-section elementor-top-section elementor-element elementor-element-3f4ac756 elementor-section-boxed elementor-section-height-default elementor-section-height-default wpr-particle-no wpr-jarallax-no wpr-parallax-no wpr-sticky-section-no wpr-equal-height-no\" data-id=\"3f4ac756\" data-element_type=\"section\" data-e-type=\"section\">\n\t\t\t\t\t\t<div class=\"elementor-container elementor-column-gap-default\">\n\t\t\t\t\t<div class=\"elementor-column elementor-col-50 elementor-top-column elementor-element elementor-element-4cf32e01\" data-id=\"4cf32e01\" data-element_type=\"column\" data-e-type=\"column\">\n\t\t\t<div class=\"elementor-widget-wrap elementor-element-populated\">\n\t\t\t\t\t\t<div class=\"elementor-element elementor-element-6dc4f1d7 elementor-widget elementor-widget-heading\" data-id=\"6dc4f1d7\" data-element_type=\"widget\" data-e-type=\"widget\" data-widget_type=\"heading.default\">\n\t\t\t\t<div class=\"elementor-widget-container\">\n\t\t\t\t\t<h2 class=\"elementor-heading-title elementor-size-default\">Distribuci\u00f3n gratuita<\/h2>\t\t\t\t<\/div>\n\t\t\t\t<\/div>\n\t\t\t\t\t<\/div>\n\t\t<\/div>\n\t\t\t\t<div class=\"elementor-column elementor-col-50 elementor-top-column elementor-element elementor-element-787da072\" data-id=\"787da072\" data-element_type=\"column\" data-e-type=\"column\">\n\t\t\t<div class=\"elementor-widget-wrap elementor-element-populated\">\n\t\t\t\t\t\t<div class=\"elementor-element elementor-element-6183b532 elementor-widget elementor-widget-text-editor\" data-id=\"6183b532\" data-element_type=\"widget\" data-e-type=\"widget\" data-widget_type=\"text-editor.default\">\n\t\t\t\t<div class=\"elementor-widget-container\">\n\t\t\t\t\t\t\t\t\t<p>Si tienes inter\u00e9s por una o varias secuencias, de manera regular para tu reflexi\u00f3n personal o para retransmitirlas a trav\u00e9s de alg\u00fan medio de comunicaci\u00f3n, por favor ponte en contacto con nosotros para brind\u00e1rtelas de manera completamente gratuita.\u00a0<\/p>\t\t\t\t\t\t\t\t<\/div>\n\t\t\t\t<\/div>\n\t\t\t\t\t<\/div>\n\t\t<\/div>\n\t\t\t\t\t<\/div>\n\t\t<\/section>\n\t\t\t\t<section class=\"elementor-section elementor-top-section elementor-element elementor-element-266c0e9f elementor-section-boxed elementor-section-height-default elementor-section-height-default wpr-particle-no wpr-jarallax-no wpr-parallax-no wpr-sticky-section-no wpr-equal-height-no\" data-id=\"266c0e9f\" data-element_type=\"section\" data-e-type=\"section\">\n\t\t\t\t\t\t<div class=\"elementor-container elementor-column-gap-default\">\n\t\t\t\t\t<div class=\"elementor-column elementor-col-50 elementor-top-column elementor-element elementor-element-4e628d40\" data-id=\"4e628d40\" data-element_type=\"column\" data-e-type=\"column\">\n\t\t\t<div class=\"elementor-widget-wrap elementor-element-populated\">\n\t\t\t\t\t\t<div class=\"elementor-element elementor-element-2cff0d78 elementor-widget elementor-widget-heading\" data-id=\"2cff0d78\" data-element_type=\"widget\" data-e-type=\"widget\" data-widget_type=\"heading.default\">\n\t\t\t\t<div class=\"elementor-widget-container\">\n\t\t\t\t\t<h2 class=\"elementor-heading-title elementor-size-default\">Our authors<\/h2>\t\t\t\t<\/div>\n\t\t\t\t<\/div>\n\t\t\t\t\t<\/div>\n\t\t<\/div>\n\t\t\t\t<div class=\"elementor-column elementor-col-50 elementor-top-column elementor-element elementor-element-766b480c\" data-id=\"766b480c\" data-element_type=\"column\" data-e-type=\"column\">\n\t\t\t<div class=\"elementor-widget-wrap elementor-element-populated\">\n\t\t\t\t\t\t<section class=\"elementor-section elementor-inner-section elementor-element elementor-element-7df80580 elementor-section-boxed elementor-section-height-default elementor-section-height-default wpr-particle-no wpr-jarallax-no wpr-parallax-no wpr-sticky-section-no wpr-equal-height-no\" data-id=\"7df80580\" data-element_type=\"section\" data-e-type=\"section\">\n\t\t\t\t\t\t<div class=\"elementor-container elementor-column-gap-default\">\n\t\t\t\t\t<div class=\"elementor-column elementor-col-50 elementor-inner-column elementor-element elementor-element-6b707d8f\" data-id=\"6b707d8f\" data-element_type=\"column\" data-e-type=\"column\">\n\t\t\t<div class=\"elementor-widget-wrap elementor-element-populated\">\n\t\t\t\t\t\t<div class=\"elementor-element elementor-element-34b0320 elementor-widget elementor-widget-image\" data-id=\"34b0320\" data-element_type=\"widget\" data-e-type=\"widget\" data-widget_type=\"image.default\">\n\t\t\t\t<div class=\"elementor-widget-container\">\n\t\t\t\t\t\t\t\t\t\t\t\t\t\t\t<img decoding=\"async\" width=\"300\" height=\"200\" src=\"https:\/\/ministeriossemit.com\/wp-content\/uploads\/2022\/05\/bible-2690295-640-300x200.jpg\" class=\"attachment-medium size-medium wp-image-758\" alt=\"\" srcset=\"https:\/\/ministeriossemit.com\/wp-content\/uploads\/2022\/05\/bible-2690295-640-300x200.jpg 300w, https:\/\/ministeriossemit.com\/wp-content\/uploads\/2022\/05\/bible-2690295-640.jpg 640w\" sizes=\"100vw\" \/>\t\t\t\t\t\t\t\t\t\t\t\t\t\t\t<\/div>\n\t\t\t\t<\/div>\n\t\t\t\t\t<\/div>\n\t\t<\/div>\n\t\t\t\t<div class=\"elementor-column elementor-col-50 elementor-inner-column elementor-element elementor-element-d5a0148\" data-id=\"d5a0148\" data-element_type=\"column\" data-e-type=\"column\">\n\t\t\t<div class=\"elementor-widget-wrap elementor-element-populated\">\n\t\t\t\t\t\t<div class=\"elementor-element elementor-element-3ece6f0a elementor-widget elementor-widget-heading\" data-id=\"3ece6f0a\" data-element_type=\"widget\" data-e-type=\"widget\" data-widget_type=\"heading.default\">\n\t\t\t\t<div class=\"elementor-widget-container\">\n\t\t\t\t\t<h2 class=\"elementor-heading-title elementor-size-default\">El Tesoro B\u00edblico<\/h2>\t\t\t\t<\/div>\n\t\t\t\t<\/div>\n\t\t\t\t<div class=\"elementor-element elementor-element-3a286441 elementor-widget elementor-widget-text-editor\" data-id=\"3a286441\" data-element_type=\"widget\" data-e-type=\"widget\" data-widget_type=\"text-editor.default\">\n\t\t\t\t<div class=\"elementor-widget-container\">\n\t\t\t\t\t\t\t\t\t<p><span style=\"color: var( --e-global-color-text );\">Duraci\u00f3n: 7 &#8211; 9 minutos<\/span><\/p><p><span style=\"color: var( --e-global-color-text );\">Lunes a viernes<\/span><\/p><p>Contiene la lectura de un pasaje b\u00edblico, la explicaci\u00f3n del mismo y su aplicaci\u00f3n pr\u00e1ctica a la vida diaria.<\/p>\t\t\t\t\t\t\t\t<\/div>\n\t\t\t\t<\/div>\n\t\t\t\t<div class=\"elementor-element elementor-element-5af241b9 elementor-widget elementor-widget-button\" data-id=\"5af241b9\" data-element_type=\"widget\" data-e-type=\"widget\" data-widget_type=\"button.default\">\n\t\t\t\t<div class=\"elementor-widget-container\">\n\t\t\t\t\t\t\t\t\t<div class=\"elementor-button-wrapper\">\n\t\t\t\t\t<a class=\"elementor-button elementor-button-link elementor-size-sm\" href=\"https:\/\/demo.wpzoom.com\/cookbook\/author\/erikbrown\/\">\n\t\t\t\t\t\t<span class=\"elementor-button-content-wrapper\">\n\t\t\t\t\t\t\t\t\t<span class=\"elementor-button-text\">escuchar<\/span>\n\t\t\t\t\t<\/span>\n\t\t\t\t\t<\/a>\n\t\t\t\t<\/div>\n\t\t\t\t\t\t\t\t<\/div>\n\t\t\t\t<\/div>\n\t\t\t\t\t<\/div>\n\t\t<\/div>\n\t\t\t\t\t<\/div>\n\t\t<\/section>\n\t\t\t\t<section class=\"elementor-section elementor-inner-section elementor-element elementor-element-68fe442d elementor-section-boxed elementor-section-height-default elementor-section-height-default wpr-particle-no wpr-jarallax-no wpr-parallax-no wpr-sticky-section-no wpr-equal-height-no\" data-id=\"68fe442d\" data-element_type=\"section\" data-e-type=\"section\">\n\t\t\t\t\t\t<div class=\"elementor-container elementor-column-gap-default\">\n\t\t\t\t\t<div class=\"elementor-column elementor-col-50 elementor-inner-column elementor-element elementor-element-21f97c8a\" data-id=\"21f97c8a\" data-element_type=\"column\" data-e-type=\"column\">\n\t\t\t<div class=\"elementor-widget-wrap elementor-element-populated\">\n\t\t\t\t\t\t<div class=\"elementor-element elementor-element-6ccf0b80 elementor-widget elementor-widget-image\" data-id=\"6ccf0b80\" data-element_type=\"widget\" data-e-type=\"widget\" data-widget_type=\"image.default\">\n\t\t\t\t<div class=\"elementor-widget-container\">\n\t\t\t\t\t\t\t\t\t\t\t\t\t\t\t<img decoding=\"async\" width=\"267\" height=\"300\" src=\"https:\/\/ministeriossemit.com\/wp-content\/uploads\/2022\/05\/vinilos-ayuda-auriculares-escritorio-globo-del-mundo.jpg-267x300.jpg\" class=\"attachment-medium size-medium wp-image-747\" alt=\"\" srcset=\"https:\/\/ministeriossemit.com\/wp-content\/uploads\/2022\/05\/vinilos-ayuda-auriculares-escritorio-globo-del-mundo.jpg-267x300.jpg 267w, https:\/\/ministeriossemit.com\/wp-content\/uploads\/2022\/05\/vinilos-ayuda-auriculares-escritorio-globo-del-mundo.jpg.jpg 622w\" sizes=\"100vw\" \/>\t\t\t\t\t\t\t\t\t\t\t\t\t\t\t<\/div>\n\t\t\t\t<\/div>\n\t\t\t\t\t<\/div>\n\t\t<\/div>\n\t\t\t\t<div class=\"elementor-column elementor-col-50 elementor-inner-column elementor-element elementor-element-69b58f4d\" data-id=\"69b58f4d\" data-element_type=\"column\" data-e-type=\"column\">\n\t\t\t<div class=\"elementor-widget-wrap elementor-element-populated\">\n\t\t\t\t\t\t<div class=\"elementor-element elementor-element-26b80c1d elementor-widget elementor-widget-heading\" data-id=\"26b80c1d\" data-element_type=\"widget\" data-e-type=\"widget\" data-widget_type=\"heading.default\">\n\t\t\t\t<div class=\"elementor-widget-container\">\n\t\t\t\t\t<h2 class=\"elementor-heading-title elementor-size-default\">Mundo Misionero<\/h2>\t\t\t\t<\/div>\n\t\t\t\t<\/div>\n\t\t\t\t<div class=\"elementor-element elementor-element-2edda1a8 elementor-widget elementor-widget-text-editor\" data-id=\"2edda1a8\" data-element_type=\"widget\" data-e-type=\"widget\" data-widget_type=\"text-editor.default\">\n\t\t\t\t<div class=\"elementor-widget-container\">\n\t\t\t\t\t\t\t\t\t<p>Duraci\u00f3n: 7 &#8211; 10 minutos<\/p><p>Dos veces por semana<\/p><p>Secuencia orientada a inrofmar, animar y desafiar a la iglesia en el quehacer misionero en el \u00e1mbito local, regional y global.<\/p>\t\t\t\t\t\t\t\t<\/div>\n\t\t\t\t<\/div>\n\t\t\t\t<div class=\"elementor-element elementor-element-64f3f2ab elementor-widget elementor-widget-button\" data-id=\"64f3f2ab\" data-element_type=\"widget\" data-e-type=\"widget\" data-widget_type=\"button.default\">\n\t\t\t\t<div class=\"elementor-widget-container\">\n\t\t\t\t\t\t\t\t\t<div class=\"elementor-button-wrapper\">\n\t\t\t\t\t<a class=\"elementor-button elementor-button-link elementor-size-sm\" href=\"https:\/\/demo.wpzoom.com\/cookbook\/author\/erikbrown\/\">\n\t\t\t\t\t\t<span class=\"elementor-button-content-wrapper\">\n\t\t\t\t\t\t\t\t\t<span class=\"elementor-button-text\">escuchar<\/span>\n\t\t\t\t\t<\/span>\n\t\t\t\t\t<\/a>\n\t\t\t\t<\/div>\n\t\t\t\t\t\t\t\t<\/div>\n\t\t\t\t<\/div>\n\t\t\t\t\t<\/div>\n\t\t<\/div>\n\t\t\t\t\t<\/div>\n\t\t<\/section>\n\t\t\t\t<section class=\"elementor-section elementor-inner-section elementor-element elementor-element-9f177b0 elementor-section-boxed elementor-section-height-default elementor-section-height-default wpr-particle-no wpr-jarallax-no wpr-parallax-no wpr-sticky-section-no wpr-equal-height-no\" data-id=\"9f177b0\" data-element_type=\"section\" data-e-type=\"section\">\n\t\t\t\t\t\t<div class=\"elementor-container elementor-column-gap-default\">\n\t\t\t\t\t<div class=\"elementor-column elementor-col-50 elementor-inner-column elementor-element elementor-element-24c1e448\" data-id=\"24c1e448\" data-element_type=\"column\" data-e-type=\"column\">\n\t\t\t<div class=\"elementor-widget-wrap elementor-element-populated\">\n\t\t\t\t\t\t<div class=\"elementor-element elementor-element-699b3b2f elementor-widget elementor-widget-image\" data-id=\"699b3b2f\" data-element_type=\"widget\" data-e-type=\"widget\" data-widget_type=\"image.default\">\n\t\t\t\t<div class=\"elementor-widget-container\">\n\t\t\t\t\t\t\t\t\t\t\t\t\t\t\t<img loading=\"lazy\" decoding=\"async\" width=\"300\" height=\"175\" src=\"https:\/\/ministeriossemit.com\/wp-content\/uploads\/2022\/05\/portrait-young-radio-dj-work-2142446-300x175.jpg\" class=\"attachment-medium size-medium wp-image-752\" alt=\"\" srcset=\"https:\/\/ministeriossemit.com\/wp-content\/uploads\/2022\/05\/portrait-young-radio-dj-work-2142446-300x175.jpg 300w, https:\/\/ministeriossemit.com\/wp-content\/uploads\/2022\/05\/portrait-young-radio-dj-work-2142446-1024x597.jpg 1024w, https:\/\/ministeriossemit.com\/wp-content\/uploads\/2022\/05\/portrait-young-radio-dj-work-2142446-768x448.jpg 768w, https:\/\/ministeriossemit.com\/wp-content\/uploads\/2022\/05\/portrait-young-radio-dj-work-2142446.jpg 1500w\" sizes=\"100vw\" \/>\t\t\t\t\t\t\t\t\t\t\t\t\t\t\t<\/div>\n\t\t\t\t<\/div>\n\t\t\t\t\t<\/div>\n\t\t<\/div>\n\t\t\t\t<div class=\"elementor-column elementor-col-50 elementor-inner-column elementor-element elementor-element-5c91d4fe\" data-id=\"5c91d4fe\" data-element_type=\"column\" data-e-type=\"column\">\n\t\t\t<div class=\"elementor-widget-wrap elementor-element-populated\">\n\t\t\t\t\t\t<div class=\"elementor-element elementor-element-59fde9bb elementor-widget elementor-widget-heading\" data-id=\"59fde9bb\" data-element_type=\"widget\" data-e-type=\"widget\" data-widget_type=\"heading.default\">\n\t\t\t\t<div class=\"elementor-widget-container\">\n\t\t\t\t\t<h2 class=\"elementor-heading-title elementor-size-default\">Reflexiones para la Vida<\/h2>\t\t\t\t<\/div>\n\t\t\t\t<\/div>\n\t\t\t\t<div class=\"elementor-element elementor-element-74deed36 elementor-widget elementor-widget-text-editor\" data-id=\"74deed36\" data-element_type=\"widget\" data-e-type=\"widget\" data-widget_type=\"text-editor.default\">\n\t\t\t\t<div class=\"elementor-widget-container\">\n\t\t\t\t\t\t\t\t\t<p>Duraci\u00f3n: 5- 7 minutos<\/p><p>Lunes a viernes<\/p><p>Reflexiones de temas actuales a partir de un punto de vista b\u00edblico. Orientado principalmente para un p\u00fablico juvenil y din\u00e1mico.<\/p>\t\t\t\t\t\t\t\t<\/div>\n\t\t\t\t<\/div>\n\t\t\t\t<div class=\"elementor-element elementor-element-646c6d31 elementor-widget elementor-widget-button\" data-id=\"646c6d31\" data-element_type=\"widget\" data-e-type=\"widget\" data-widget_type=\"button.default\">\n\t\t\t\t<div class=\"elementor-widget-container\">\n\t\t\t\t\t\t\t\t\t<div class=\"elementor-button-wrapper\">\n\t\t\t\t\t<a class=\"elementor-button elementor-button-link elementor-size-sm\" href=\"https:\/\/demo.wpzoom.com\/cookbook\/author\/erikbrown\/\">\n\t\t\t\t\t\t<span class=\"elementor-button-content-wrapper\">\n\t\t\t\t\t\t\t\t\t<span class=\"elementor-button-text\">escuchar<\/span>\n\t\t\t\t\t<\/span>\n\t\t\t\t\t<\/a>\n\t\t\t\t<\/div>\n\t\t\t\t\t\t\t\t<\/div>\n\t\t\t\t<\/div>\n\t\t\t\t\t<\/div>\n\t\t<\/div>\n\t\t\t\t\t<\/div>\n\t\t<\/section>\n\t\t\t\t<section class=\"elementor-section elementor-inner-section elementor-element elementor-element-353b298f elementor-section-boxed elementor-section-height-default elementor-section-height-default wpr-particle-no wpr-jarallax-no wpr-parallax-no wpr-sticky-section-no wpr-equal-height-no\" data-id=\"353b298f\" data-element_type=\"section\" data-e-type=\"section\">\n\t\t\t\t\t\t<div class=\"elementor-container elementor-column-gap-default\">\n\t\t\t\t\t<div class=\"elementor-column elementor-col-50 elementor-inner-column elementor-element elementor-element-65321574\" data-id=\"65321574\" data-element_type=\"column\" data-e-type=\"column\">\n\t\t\t<div class=\"elementor-widget-wrap elementor-element-populated\">\n\t\t\t\t\t\t<div class=\"elementor-element elementor-element-4492023 elementor-widget elementor-widget-image\" data-id=\"4492023\" data-element_type=\"widget\" data-e-type=\"widget\" data-widget_type=\"image.default\">\n\t\t\t\t<div class=\"elementor-widget-container\">\n\t\t\t\t\t\t\t\t\t\t\t\t\t\t\t<img loading=\"lazy\" decoding=\"async\" width=\"300\" height=\"158\" src=\"https:\/\/ministeriossemit.com\/wp-content\/uploads\/2022\/05\/Usos-Y-Costumbres-6-Banquetes-Restaurador-de-Sendas-02-300x158.jpg\" class=\"attachment-medium size-medium wp-image-753\" alt=\"\" srcset=\"https:\/\/ministeriossemit.com\/wp-content\/uploads\/2022\/05\/Usos-Y-Costumbres-6-Banquetes-Restaurador-de-Sendas-02-300x158.jpg 300w, https:\/\/ministeriossemit.com\/wp-content\/uploads\/2022\/05\/Usos-Y-Costumbres-6-Banquetes-Restaurador-de-Sendas-02-1024x538.jpg 1024w, https:\/\/ministeriossemit.com\/wp-content\/uploads\/2022\/05\/Usos-Y-Costumbres-6-Banquetes-Restaurador-de-Sendas-02-768x403.jpg 768w, https:\/\/ministeriossemit.com\/wp-content\/uploads\/2022\/05\/Usos-Y-Costumbres-6-Banquetes-Restaurador-de-Sendas-02.jpg 1200w\" sizes=\"100vw\" \/>\t\t\t\t\t\t\t\t\t\t\t\t\t\t\t<\/div>\n\t\t\t\t<\/div>\n\t\t\t\t\t<\/div>\n\t\t<\/div>\n\t\t\t\t<div class=\"elementor-column elementor-col-50 elementor-inner-column elementor-element elementor-element-27edf761\" data-id=\"27edf761\" data-element_type=\"column\" data-e-type=\"column\">\n\t\t\t<div class=\"elementor-widget-wrap elementor-element-populated\">\n\t\t\t\t\t\t<div class=\"elementor-element elementor-element-ea1b01f elementor-widget elementor-widget-heading\" data-id=\"ea1b01f\" data-element_type=\"widget\" data-e-type=\"widget\" data-widget_type=\"heading.default\">\n\t\t\t\t<div class=\"elementor-widget-container\">\n\t\t\t\t\t<h2 class=\"elementor-heading-title elementor-size-default\">El mundo en los tiempos b\u00edblicos<\/h2>\t\t\t\t<\/div>\n\t\t\t\t<\/div>\n\t\t\t\t<div class=\"elementor-element elementor-element-e3f93c9 elementor-widget elementor-widget-text-editor\" data-id=\"e3f93c9\" data-element_type=\"widget\" data-e-type=\"widget\" data-widget_type=\"text-editor.default\">\n\t\t\t\t<div class=\"elementor-widget-container\">\n\t\t\t\t\t\t\t\t\t<p>Duraci\u00f3n: 5 &#8211; 7 minutos<\/p><p>Dos veces por semana<\/p><p>Secuencia que brinda informaci\u00f3n de la vida, usos y costumbres de los tiempos b\u00edblicos. La cultura hebrea y jud\u00eda de anta\u00f1o es plasmada a trav\u00e9s de narraciones interesantes.<\/p>\t\t\t\t\t\t\t\t<\/div>\n\t\t\t\t<\/div>\n\t\t\t\t<div class=\"elementor-element elementor-element-61fa83ed elementor-widget elementor-widget-button\" data-id=\"61fa83ed\" data-element_type=\"widget\" data-e-type=\"widget\" data-widget_type=\"button.default\">\n\t\t\t\t<div class=\"elementor-widget-container\">\n\t\t\t\t\t\t\t\t\t<div class=\"elementor-button-wrapper\">\n\t\t\t\t\t<a class=\"elementor-button elementor-button-link elementor-size-sm\" href=\"https:\/\/demo.wpzoom.com\/cookbook\/author\/erikbrown\/\">\n\t\t\t\t\t\t<span class=\"elementor-button-content-wrapper\">\n\t\t\t\t\t\t\t\t\t<span class=\"elementor-button-text\">escuchar<\/span>\n\t\t\t\t\t<\/span>\n\t\t\t\t\t<\/a>\n\t\t\t\t<\/div>\n\t\t\t\t\t\t\t\t<\/div>\n\t\t\t\t<\/div>\n\t\t\t\t\t<\/div>\n\t\t<\/div>\n\t\t\t\t\t<\/div>\n\t\t<\/section>\n\t\t\t\t\t<\/div>\n\t\t<\/div>\n\t\t\t\t\t<\/div>\n\t\t<\/section>\n\t\t\t\t<\/div>\n\t\t","protected":false},"excerpt":{"rendered":"<p>Secuencias radiales Las secuencias est\u00e1n dise\u00f1adas para brindar informaci\u00f3n, an\u00e1lisis y reflexi\u00f3n b\u00edblica, desde distintos \u00e1ngulos y puntos de vista.\u00a0 Las secuencias son utilizadas semanalmente en nuestras transmisiones radiales y a trav\u00e9s de las redes. \u00a0 Distribuci\u00f3n gratuita Si tienes inter\u00e9s por una o varias secuencias, de manera regular para tu reflexi\u00f3n personal o para retransmitirlas a trav\u00e9s de alg\u00fan medio de comunicaci\u00f3n, por favor ponte en contacto con nosotros para brind\u00e1rtelas de manera completamente gratuita.\u00a0 Our authors El Tesoro B\u00edblico Duraci\u00f3n: 7 &#8211; 9 minutos Lunes a viernes Contiene la lectura de un pasaje b\u00edblico, la explicaci\u00f3n del mismo y su aplicaci\u00f3n pr\u00e1ctica a la vida diaria. escuchar Mundo Misionero Duraci\u00f3n: 7 &#8211; 10 minutos Dos veces por semana Secuencia orientada a inrofmar, animar y desafiar a la iglesia en el quehacer misionero en el \u00e1mbito local, regional y global. escuchar Reflexiones para la Vida Duraci\u00f3n: 5- 7 minutos Lunes a viernes Reflexiones de temas actuales a partir de un punto de vista b\u00edblico. Orientado principalmente para un p\u00fablico juvenil y din\u00e1mico. escuchar El mundo en los tiempos b\u00edblicos Duraci\u00f3n: 5 &#8211; 7 minutos Dos veces por semana Secuencia que brinda informaci\u00f3n de la vida, usos y costumbres de los tiempos b\u00edblicos. La cultura hebrea y jud\u00eda de anta\u00f1o es plasmada a trav\u00e9s de narraciones interesantes. escuchar<\/p>\n","protected":false},"author":1,"featured_media":0,"parent":0,"menu_order":0,"comment_status":"closed","ping_status":"closed","template":"","meta":{"inspiro_hide_title":false,"footnotes":""},"class_list":["post-1088","page","type-page","status-publish","hentry"],"featured_media_urls":[],"_links":{"self":[{"href":"https:\/\/ministeriossemit.com\/index.php?rest_route=\/wp\/v2\/pages\/1088","targetHints":{"allow":["GET"]}}],"collection":[{"href":"https:\/\/ministeriossemit.com\/index.php?rest_route=\/wp\/v2\/pages"}],"about":[{"href":"https:\/\/ministeriossemit.com\/index.php?rest_route=\/wp\/v2\/types\/page"}],"author":[{"embeddable":true,"href":"https:\/\/ministeriossemit.com\/index.php?rest_route=\/wp\/v2\/users\/1"}],"replies":[{"embeddable":true,"href":"https:\/\/ministeriossemit.com\/index.php?rest_route=%2Fwp%2Fv2%2Fcomments&post=1088"}],"version-history":[{"count":14,"href":"https:\/\/ministeriossemit.com\/index.php?rest_route=\/wp\/v2\/pages\/1088\/revisions"}],"predecessor-version":[{"id":1129,"href":"https:\/\/ministeriossemit.com\/index.php?rest_route=\/wp\/v2\/pages\/1088\/revisions\/1129"}],"wp:attachment":[{"href":"https:\/\/ministeriossemit.com\/index.php?rest_route=%2Fwp%2Fv2%2Fmedia&parent=1088"}],"curies":[{"name":"wp","href":"https:\/\/api.w.org\/{rel}","templated":true}]}}