{"id":102,"date":"2022-04-25T23:41:31","date_gmt":"2022-04-25T23:41:31","guid":{"rendered":"https:\/\/semitministries.com\/?page_id=102"},"modified":"2022-05-17T03:34:01","modified_gmt":"2022-05-17T03:34:01","slug":"envio","status":"publish","type":"page","link":"https:\/\/ministeriossemit.com\/?page_id=102","title":{"rendered":"Env\u00edo"},"content":{"rendered":"\t\t<div data-elementor-type=\"wp-page\" data-elementor-id=\"102\" class=\"elementor elementor-102\">\n\t\t\t\t\t\t<section class=\"elementor-section elementor-top-section elementor-element elementor-element-636f78d elementor-section-boxed elementor-section-height-default elementor-section-height-default wpr-particle-no wpr-jarallax-no wpr-parallax-no wpr-sticky-section-no wpr-equal-height-no\" data-id=\"636f78d\" data-element_type=\"section\" data-e-type=\"section\">\n\t\t\t\t\t\t<div class=\"elementor-container elementor-column-gap-default\">\n\t\t\t\t\t<div class=\"elementor-column elementor-col-100 elementor-top-column elementor-element elementor-element-d5ed4ff\" data-id=\"d5ed4ff\" data-element_type=\"column\" data-e-type=\"column\">\n\t\t\t<div class=\"elementor-widget-wrap\">\n\t\t\t\t\t\t\t<\/div>\n\t\t<\/div>\n\t\t\t\t\t<\/div>\n\t\t<\/section>\n\t\t\t\t<section class=\"elementor-section elementor-top-section elementor-element elementor-element-9f37b3f elementor-section-boxed elementor-section-height-default elementor-section-height-default wpr-particle-no wpr-jarallax-no wpr-parallax-no wpr-sticky-section-no wpr-equal-height-no\" data-id=\"9f37b3f\" data-element_type=\"section\" data-e-type=\"section\">\n\t\t\t\t\t\t<div class=\"elementor-container elementor-column-gap-default\">\n\t\t\t\t\t<div class=\"elementor-column elementor-col-33 elementor-top-column elementor-element elementor-element-2f179be\" data-id=\"2f179be\" data-element_type=\"column\" data-e-type=\"column\">\n\t\t\t<div class=\"elementor-widget-wrap elementor-element-populated\">\n\t\t\t\t\t\t<div class=\"elementor-element elementor-element-c78fc31 elementor-widget elementor-widget-heading\" data-id=\"c78fc31\" data-element_type=\"widget\" data-e-type=\"widget\" data-widget_type=\"heading.default\">\n\t\t\t\t<div class=\"elementor-widget-container\">\n\t\t\t\t\t<h2 class=\"elementor-heading-title elementor-size-default\"><b>Env\u00edo a<\/b><br>Corto Plazo<\/h2>\t\t\t\t<\/div>\n\t\t\t\t<\/div>\n\t\t\t\t<div class=\"elementor-element elementor-element-2823a57 elementor-widget elementor-widget-text-editor\" data-id=\"2823a57\" data-element_type=\"widget\" data-e-type=\"widget\" data-widget_type=\"text-editor.default\">\n\t\t\t\t<div class=\"elementor-widget-container\">\n\t\t\t\t\t\t\t\t\t<p>La Obra Misionera a Corto Plazo para SEMIT, involucra traspasar l\u00edmites culturales, idiom\u00e1ticos o geogr\u00e1ficos para expandir la causa del evangelio.<br \/>La persona est\u00e1 all\u00ed, por lo general, algunas semanas. A menudo solo unas pocas semanas.<br \/>El Misionero a Corto Plazo efectuar\u00e1 trabajos espec\u00edficos que pueden comprender: apoyos focalizados a Iglesias y\/o misioneros que est\u00e1n en el Campo por tiempos prolongados. Brindar talleres espec\u00edficos de capacitaci\u00f3n en distintos campos.<\/p>\t\t\t\t\t\t\t\t<\/div>\n\t\t\t\t<\/div>\n\t\t\t\t\t<\/div>\n\t\t<\/div>\n\t\t\t\t<div class=\"elementor-column elementor-col-66 elementor-top-column elementor-element elementor-element-d3b78ec\" data-id=\"d3b78ec\" data-element_type=\"column\" data-e-type=\"column\">\n\t\t\t<div class=\"elementor-widget-wrap elementor-element-populated\">\n\t\t\t\t\t\t<div class=\"elementor-element elementor-element-a845f20 elementor-widget elementor-widget-image\" data-id=\"a845f20\" data-element_type=\"widget\" data-e-type=\"widget\" data-widget_type=\"image.default\">\n\t\t\t\t<div class=\"elementor-widget-container\">\n\t\t\t\t\t\t\t\t\t\t\t\t\t\t\t<img fetchpriority=\"high\" decoding=\"async\" width=\"950\" height=\"713\" src=\"https:\/\/ministeriossemit.com\/wp-content\/uploads\/2022\/05\/1538930_459217240919750_7091705730775904354_n.jpg\" class=\"attachment-large size-large wp-image-662\" alt=\"\" srcset=\"https:\/\/ministeriossemit.com\/wp-content\/uploads\/2022\/05\/1538930_459217240919750_7091705730775904354_n.jpg 960w, https:\/\/ministeriossemit.com\/wp-content\/uploads\/2022\/05\/1538930_459217240919750_7091705730775904354_n-300x225.jpg 300w, https:\/\/ministeriossemit.com\/wp-content\/uploads\/2022\/05\/1538930_459217240919750_7091705730775904354_n-768x576.jpg 768w, https:\/\/ministeriossemit.com\/wp-content\/uploads\/2022\/05\/1538930_459217240919750_7091705730775904354_n-600x450.jpg 600w\" sizes=\"100vw\" \/>\t\t\t\t\t\t\t\t\t\t\t\t\t\t\t<\/div>\n\t\t\t\t<\/div>\n\t\t\t\t\t<\/div>\n\t\t<\/div>\n\t\t\t\t\t<\/div>\n\t\t<\/section>\n\t\t\t\t<section class=\"elementor-section elementor-top-section elementor-element elementor-element-58f3370 elementor-section-boxed elementor-section-height-default elementor-section-height-default wpr-particle-no wpr-jarallax-no wpr-parallax-no wpr-sticky-section-no wpr-equal-height-no\" data-id=\"58f3370\" data-element_type=\"section\" data-e-type=\"section\">\n\t\t\t\t\t\t<div class=\"elementor-container elementor-column-gap-default\">\n\t\t\t\t\t<div class=\"elementor-column elementor-col-100 elementor-top-column elementor-element elementor-element-1940484\" data-id=\"1940484\" data-element_type=\"column\" data-e-type=\"column\">\n\t\t\t<div class=\"elementor-widget-wrap elementor-element-populated\">\n\t\t\t\t\t\t\t<\/div>\n\t\t<\/div>\n\t\t\t\t\t<\/div>\n\t\t<\/section>\n\t\t\t\t<section class=\"elementor-section elementor-top-section elementor-element elementor-element-0bb13b4 elementor-section-boxed elementor-section-height-default elementor-section-height-default wpr-particle-no wpr-jarallax-no wpr-parallax-no wpr-sticky-section-no wpr-equal-height-no\" data-id=\"0bb13b4\" data-element_type=\"section\" data-e-type=\"section\">\n\t\t\t\t\t\t<div class=\"elementor-container elementor-column-gap-default\">\n\t\t\t\t\t<div class=\"elementor-column elementor-col-66 elementor-top-column elementor-element elementor-element-c1be685\" data-id=\"c1be685\" data-element_type=\"column\" data-e-type=\"column\">\n\t\t\t<div class=\"elementor-widget-wrap elementor-element-populated\">\n\t\t\t\t\t\t<div class=\"elementor-element elementor-element-9c3d92f elementor-widget elementor-widget-wpzoom-elementor-addons-image-box\" data-id=\"9c3d92f\" data-element_type=\"widget\" data-e-type=\"widget\" data-widget_type=\"wpzoom-elementor-addons-image-box.default\">\n\t\t\t\t<div class=\"elementor-widget-container\">\n\t\t\t\t\t\t\t<div class=\"wpzoom-elementor-addons-image-box\">\n\t\t\t<h3>\n\t\t\t\t<span class=\"wpzoom-elementor-addons-image-box-link not-linked has-image\" style=\"background-image:url('https:\/\/ministeriossemit.com\/wp-content\/uploads\/2022\/05\/FB_IMG_1541164939033.jpg');\"><span><\/span><\/span>\t\t\t<\/h3>\n\t\t<\/div><!-- \/\/.wpzoom-elementor-addons-image-box -->\n\t\t\t\t\t\t<\/div>\n\t\t\t\t<\/div>\n\t\t\t\t\t<\/div>\n\t\t<\/div>\n\t\t\t\t<div class=\"elementor-column elementor-col-33 elementor-top-column elementor-element elementor-element-a94790c\" data-id=\"a94790c\" data-element_type=\"column\" data-e-type=\"column\">\n\t\t\t<div class=\"elementor-widget-wrap elementor-element-populated\">\n\t\t\t\t\t\t<div class=\"elementor-element elementor-element-ca65db2 elementor-widget elementor-widget-heading\" data-id=\"ca65db2\" data-element_type=\"widget\" data-e-type=\"widget\" data-widget_type=\"heading.default\">\n\t\t\t\t<div class=\"elementor-widget-container\">\n\t\t\t\t\t<h2 class=\"elementor-heading-title elementor-size-default\">Env\u00edo a<br>Mediano Plazo<\/h2>\t\t\t\t<\/div>\n\t\t\t\t<\/div>\n\t\t\t\t<div class=\"elementor-element elementor-element-af0ae25 elementor-widget elementor-widget-text-editor\" data-id=\"af0ae25\" data-element_type=\"widget\" data-e-type=\"widget\" data-widget_type=\"text-editor.default\">\n\t\t\t\t<div class=\"elementor-widget-container\">\n\t\t\t\t\t\t\t\t\t<p>Misiones a Mediano Plazo para SEMIT, comprende un tiempo de tres meses a dos a\u00f1os. Durante este tiempo el trabajo misionero involucra traspasar l\u00edmites culturales, idiom\u00e1ticos o geogr\u00e1ficos para expandir la causa del evangelio.<br \/>La permanencia de tiempo del Misionero en una zona o regi\u00f3n depender\u00e1 de su disposici\u00f3n, tipo de proyecto y lugar de recepci\u00f3n.<\/p>\t\t\t\t\t\t\t\t<\/div>\n\t\t\t\t<\/div>\n\t\t\t\t\t<\/div>\n\t\t<\/div>\n\t\t\t\t\t<\/div>\n\t\t<\/section>\n\t\t\t\t<section class=\"elementor-section elementor-top-section elementor-element elementor-element-112671a elementor-section-boxed elementor-section-height-default elementor-section-height-default wpr-particle-no wpr-jarallax-no wpr-parallax-no wpr-sticky-section-no wpr-equal-height-no\" data-id=\"112671a\" data-element_type=\"section\" data-e-type=\"section\">\n\t\t\t\t\t\t<div class=\"elementor-container elementor-column-gap-default\">\n\t\t\t\t\t<div class=\"elementor-column elementor-col-33 elementor-top-column elementor-element elementor-element-bf18100\" data-id=\"bf18100\" data-element_type=\"column\" data-e-type=\"column\">\n\t\t\t<div class=\"elementor-widget-wrap elementor-element-populated\">\n\t\t\t\t\t\t<div class=\"elementor-element elementor-element-f18033b elementor-widget elementor-widget-heading\" data-id=\"f18033b\" data-element_type=\"widget\" data-e-type=\"widget\" data-widget_type=\"heading.default\">\n\t\t\t\t<div class=\"elementor-widget-container\">\n\t\t\t\t\t<h2 class=\"elementor-heading-title elementor-size-default\">Env\u00edo a<br>Largo Plazo<\/h2>\t\t\t\t<\/div>\n\t\t\t\t<\/div>\n\t\t\t\t<div class=\"elementor-element elementor-element-b87f811 elementor-widget elementor-widget-text-editor\" data-id=\"b87f811\" data-element_type=\"widget\" data-e-type=\"widget\" data-widget_type=\"text-editor.default\">\n\t\t\t\t<div class=\"elementor-widget-container\">\n\t\t\t\t\t\t\t\t\t<p>Misiones a Mediano Plazo con SEMIT, involucra salir sin fecha de retorno, por lo general aqu\u00ed est\u00e1n comprendidos los proyectos cono un tiempo mayor de tres a\u00f1os.<\/p><p>Durante este tiempo el trabajo misionero involucra traspasar l\u00edmites culturales, idiom\u00e1ticos o geogr\u00e1ficos para expandir la causa del evangelio.<br \/>La permanencia de tiempo del Misionero en una zona o regi\u00f3n depender\u00e1 de su disposici\u00f3n, tipo de proyecto y lugar de recepci\u00f3n.<\/p>\t\t\t\t\t\t\t\t<\/div>\n\t\t\t\t<\/div>\n\t\t\t\t\t<\/div>\n\t\t<\/div>\n\t\t\t\t<div class=\"elementor-column elementor-col-66 elementor-top-column elementor-element elementor-element-d0b342f\" data-id=\"d0b342f\" data-element_type=\"column\" data-e-type=\"column\">\n\t\t\t<div class=\"elementor-widget-wrap elementor-element-populated\">\n\t\t\t\t\t\t<div class=\"elementor-element elementor-element-09a3442 elementor-widget elementor-widget-image\" data-id=\"09a3442\" data-element_type=\"widget\" data-e-type=\"widget\" data-widget_type=\"image.default\">\n\t\t\t\t<div class=\"elementor-widget-container\">\n\t\t\t\t\t\t\t\t\t\t\t\t\t\t\t<img decoding=\"async\" width=\"950\" height=\"691\" src=\"https:\/\/ministeriossemit.com\/wp-content\/uploads\/2022\/05\/11427045_459214550920019_2191488516486897202_n.jpg\" class=\"attachment-large size-large wp-image-785\" alt=\"\" srcset=\"https:\/\/ministeriossemit.com\/wp-content\/uploads\/2022\/05\/11427045_459214550920019_2191488516486897202_n.jpg 960w, https:\/\/ministeriossemit.com\/wp-content\/uploads\/2022\/05\/11427045_459214550920019_2191488516486897202_n-300x218.jpg 300w, https:\/\/ministeriossemit.com\/wp-content\/uploads\/2022\/05\/11427045_459214550920019_2191488516486897202_n-768x558.jpg 768w, https:\/\/ministeriossemit.com\/wp-content\/uploads\/2022\/05\/11427045_459214550920019_2191488516486897202_n-600x436.jpg 600w\" sizes=\"100vw\" \/>\t\t\t\t\t\t\t\t\t\t\t\t\t\t\t<\/div>\n\t\t\t\t<\/div>\n\t\t\t\t\t<\/div>\n\t\t<\/div>\n\t\t\t\t\t<\/div>\n\t\t<\/section>\n\t\t\t\t<\/div>\n\t\t","protected":false},"excerpt":{"rendered":"<p>semit env\u00edo Alcanzando el Evangelio Env\u00edo aCorto Plazo La Obra Misionera a Corto Plazo para SEMIT, involucra traspasar l\u00edmites culturales, idiom\u00e1ticos o geogr\u00e1ficos para expandir la causa del evangelio.La persona est\u00e1 all\u00ed, por lo general, algunas semanas. A menudo solo unas pocas semanas.El Misionero a Corto Plazo efectuar\u00e1 trabajos espec\u00edficos que pueden comprender: apoyos focalizados a Iglesias y\/o misioneros que est\u00e1n en el Campo por tiempos prolongados. Brindar talleres espec\u00edficos de capacitaci\u00f3n en distintos campos. Env\u00edo aMediano Plazo Misiones a Mediano Plazo para SEMIT, comprende un tiempo de tres meses a dos a\u00f1os. Durante este tiempo el trabajo misionero involucra traspasar l\u00edmites culturales, idiom\u00e1ticos o geogr\u00e1ficos para expandir la causa del evangelio.La permanencia de tiempo del Misionero en una zona o regi\u00f3n depender\u00e1 de su disposici\u00f3n, tipo de proyecto y lugar de recepci\u00f3n. Env\u00edo aLargo Plazo Misiones a Mediano Plazo con SEMIT, involucra salir sin fecha de retorno, por lo general aqu\u00ed est\u00e1n comprendidos los proyectos cono un tiempo mayor de tres a\u00f1os. Durante este tiempo el trabajo misionero involucra traspasar l\u00edmites culturales, idiom\u00e1ticos o geogr\u00e1ficos para expandir la causa del evangelio.La permanencia de tiempo del Misionero en una zona o regi\u00f3n depender\u00e1 de su disposici\u00f3n, tipo de proyecto y lugar de recepci\u00f3n.<\/p>\n","protected":false},"author":1,"featured_media":0,"parent":0,"menu_order":0,"comment_status":"closed","ping_status":"closed","template":"","meta":{"inspiro_hide_title":false,"footnotes":""},"class_list":["post-102","page","type-page","status-publish","hentry"],"featured_media_urls":[],"_links":{"self":[{"href":"https:\/\/ministeriossemit.com\/index.php?rest_route=\/wp\/v2\/pages\/102","targetHints":{"allow":["GET"]}}],"collection":[{"href":"https:\/\/ministeriossemit.com\/index.php?rest_route=\/wp\/v2\/pages"}],"about":[{"href":"https:\/\/ministeriossemit.com\/index.php?rest_route=\/wp\/v2\/types\/page"}],"author":[{"embeddable":true,"href":"https:\/\/ministeriossemit.com\/index.php?rest_route=\/wp\/v2\/users\/1"}],"replies":[{"embeddable":true,"href":"https:\/\/ministeriossemit.com\/index.php?rest_route=%2Fwp%2Fv2%2Fcomments&post=102"}],"version-history":[{"count":16,"href":"https:\/\/ministeriossemit.com\/index.php?rest_route=\/wp\/v2\/pages\/102\/revisions"}],"predecessor-version":[{"id":794,"href":"https:\/\/ministeriossemit.com\/index.php?rest_route=\/wp\/v2\/pages\/102\/revisions\/794"}],"wp:attachment":[{"href":"https:\/\/ministeriossemit.com\/index.php?rest_route=%2Fwp%2Fv2%2Fmedia&parent=102"}],"curies":[{"name":"wp","href":"https:\/\/api.w.org\/{rel}","templated":true}]}}